{"id":15,"date":"2009-12-21T04:41:03","date_gmt":"2009-12-21T03:41:03","guid":{"rendered":"http:\/\/www.paperphine.com\/?page_id=15"},"modified":"2021-08-25T17:35:50","modified_gmt":"2021-08-25T15:35:50","slug":"deutsch-vs-english","status":"publish","type":"page","link":"https:\/\/www.paperphine.com\/?page_id=15","title":{"rendered":"BUY our Paper Twines Worldwide: Stockists"},"content":{"rendered":"<p><strong>Wholesale inquiries are welcome &#8211; contact us at office (at!) paperphine.com<\/strong><\/p>\n<p><strong><\/p>\n<h3> AUSTRALIA<\/h3>\n<p><\/strong><\/p>\n<p><a href=\"http:\/\/www.flywheel.net.au\" target=\"_blank\"><strong>Flywheel<\/strong><\/a><br \/>\nwww.flywheel.net.au<br \/>\n42 High Street &#8211; New Norfolk<br \/>\nTasmania 7140<\/p>\n<p><strong> <\/p>\n<h3>AUSTRIA<\/h3>\n<p><\/strong><\/p>\n<p><a href=\"https:\/\/www.elivrosenkranz.at\" target=\"_blank\"><strong>Eliv Rosenkranz<\/strong><\/a><br \/>\nEliv Rosenkranz<\/p>\n<p><a href=\"https:\/\/www.andfriends.at\" target=\"_blank\"><strong>&#038;Friends<\/strong><\/a><br \/>\nwww.andfriends.at<br \/>\nOperngasse 36<br \/>\n1040 Vienna<\/p>\n<p><a href=\"https:\/\/www.schreibkultur.at\" target=\"_blank\"><strong>Miller B\u00fcro &#038; Schreibkultur<\/strong><\/a><br \/>\nwww.schreibkultur.at<br \/>\nMariahilfer Stra\u00dfe 93<br \/>\n1060 Vienna<\/p>\n<p><a href=\"http:\/\/www.sinn-werkstatt.com\" target=\"_blank\"><strong>Sinnwerkstatt<\/strong><\/a><br \/>\nwww.sinn-werkstatt.com<br \/>\nKirchstra\u00dfe 2<br \/>\n6921 Kennelbach<\/p>\n<p><strong><a href=\"http:\/\/www.papierwespe.at\" target=\"blank\">Papierwespe &#8211; Workshop for Paper Makers and Paper Artists<\/strong><\/a><br \/>\nwww.papierwespe.at<br \/>\nKleistgasse 18\/4<br \/>\n1030 Vienna<br \/>\n<em>Open on appointment and during workshops only.<\/em><\/p>\n<p><strong><a href=\"http:\/\/papierwelten.co.at\" target=\"blank\">Papiermachermuseum Steyrerm\u00fchl<\/strong><\/a><br \/>\nwww.papierwelten.co.at<br \/>\nMuseumsplatz 1<br \/>\n4662 Laakirchen<\/p>\n<p><strong> <\/p>\n<h3>CANADA<\/h3>\n<p><\/strong><\/p>\n<p><strong><a href=\"https:\/\/apfelstrudel.ca\" target=\"blank\">Apfelstrudel<\/strong><\/a><br \/>\nwww.apfelstrudel.ca<\/p>\n<p><strong><\/p>\n<h3>FRANCE<\/h3>\n<p><\/strong><\/p>\n<p><a href=\"http:\/\/www.facebook.com\/levelodeleonantibes\" target=\"_blank\"><strong>Le V\u00e9lo de L\u00e9on<\/strong><\/a><br \/>\nwww.levelodeleon.fr<br \/>\n26 rue James Close,<br \/>\n06600 Antibes<\/p>\n<p><strong><\/p>\n<h3>GERMANY<\/h3>\n<p><\/strong><\/p>\n<p><a href=\"http:\/\/www.artundform.de\/\" target=\"_blank\"><strong>art + form<\/strong><\/a><br \/>\nwww.artundform.de<br \/>\nBautzner Str. 11 \/ Albertplatz<br \/>\n01099 Dresden &#8211; Neustadt<\/p>\n<p><a href=\"https:\/\/c\" target=\"_blank\"><strong>PAPPSALON<\/strong><\/a><br \/>\nwww.facebook.com\/pappsalon<br \/>\nWallstra\u00dfe 1<br \/>\n25524 Itzehoe<\/p>\n<p><a href=\"https:\/\/www.alexandra-renke.com\/cat\/index\/sCategory\/144\" target=\"_blank\"><strong>Alexandra Renke<\/strong><\/a><br \/>\nwww.alexandra-renke.com<br \/>\nBensberger Stra\u00dfe 180<br \/>\n51503 R\u00f6srath <\/p>\n<p><a href=\"http:\/\/www.cartapura.de\/index.html\" target=\"blank\"><strong>Carta Pura<\/strong><\/a><br \/>\nwww.cartapura.de<br \/>\nSchellingstra\u00dfe 71<br \/>\n80799 Munich<\/p>\n<p><a href=\"https:\/\/buchhandlung-isartal.buchkatalog.de\" rel=\"noopener\" target=\"_blank\"><strong>Buchhandlung Isartal<\/strong><\/a><br \/>\nhttps:\/\/buchhandlung-isartal.buchkatalog.de<br \/>\nFiliale Ebenhausen: Prof.-Benjamin-Allee 2, 82067 Ebenhausen<br \/>\nFiliale Pullach: Johann-Bader-Str. 14, 82049 Pullach<\/p>\n<p><a href=\"https:\/\/www.schauhi.de\" target=\"_blank\"><strong>schauhi &#8230; Papiersachen<\/strong><\/a><br \/>\nwww.schauhi.de<br \/>\nObere Bachgasse 19<br \/>\n93047  Regensburg<\/p>\n<p><a href=\"http:\/\/pop-up-papier.de\" target=\"_blank\"><strong>pop up PAPIER<\/strong><\/a><br \/>\nwww.pop-up-papier.de<\/p>\n<p><a href=\"https:\/\/cp-shop.online\/?s=paperphine\" target=\"blank\"><strong>Charlie &#038; Paulchen<\/strong><\/a><br \/>\nwww.cp-shop.online<\/p>\n<p><a href=\"http:\/\/www.monomeer.de\/index.php?page=product_overview&#038;category=7\" target=\"blank\"><strong>Monomeer<\/strong><\/a><br \/>\nwww.monomeer.de<\/p>\n<p><strong><\/p>\n<h3>MALAYSIA<\/h3>\n<p><\/strong><\/p>\n<p><a href=\"https:\/\/www.tabiyoshop.com\" target=\"blank\"><strong>Tabiyo Shop<\/strong><\/a><br \/>\nwww.tabiyoshop.com<br \/>\nNo. 92 Jalan Dato Bandar Tunggal,<br \/>\n70000 Seremban,  Negeri Sembilan<\/p>\n<p><a href=\"http:\/\/www.pipitzakkastore.com\" target=\"blank\"><strong>Pipit Zakka Store<\/strong><\/a><br \/>\nwww.pipitzakkastore.com<\/p>\n<p><strong><\/p>\n<h3>SLOVENIA<\/h3>\n<p><\/strong><\/p>\n<p><a href=\"https:\/\/mojacula.si\" target=\"_blank\"><strong>Moja Cula<\/strong><\/a><br \/>\nwww.mojacula.si<\/p>\n<p><strong><\/p>\n<h3>SWEDEN<\/h3>\n<p><\/strong><\/p>\n<p><a href=\"https:\/\/rumforpapper.se\" target=\"_blank\"><strong>Rum f\u00f6r Papper<\/strong><\/a><br \/>\nwww.rumforpapper.se<br \/>\nVallgatan 19 &#8211; Victoriapassagen<br \/>\n41116 G\u00f6teborg<\/p>\n<p><strong><\/p>\n<h3>SWITZERLAND<\/h3>\n<p><\/strong><\/p>\n<p><a href=\"http:\/\/www.bookbindersdesign.com\/en\/switzerland-de\" target=\"_blank\"><strong>Bookbinders Design<\/strong><\/a><br \/>\nwww.bookbindersdesign.com<br \/>\nStores in Basel, Bern, Geneva, Luzern and Zurich<\/p>\n<p><a href=\"http:\/\/bottega-ethica.ch\" target=\"_blank\"><strong>bottega ethica<\/strong><\/a><br \/>\nbottega-ethica.ch<br \/>\nRue de Lausanne 32<br \/>\n1700 Friburg<\/p>\n<p><a href=\"http:\/\/www.cinq-etoiles.ch\" target=\"_blank\"><strong>cinq \u00e9toiles<\/strong><\/a><br \/>\nwww.cinq-etoiles.ch<br \/>\nBreitenrainplatz 28<br \/>\n3014 Bern<\/p>\n<p><a href=\"https:\/\/www.mias-papierwerkstatt.ch\" target=\"_blank\"><strong>Mias&#8217;s Papierwerkstatt<\/strong><\/a><br \/>\nwww.mias-papierwerkstatt.ch<br \/>\nKreuzenstrasse 27<br \/>\n4452 Itingen<br \/>\n<em>Opening times \/ markets on website<\/em><\/p>\n<p><strong><\/p>\n<h3>TAIWAN<\/h3>\n<p><\/strong><\/p>\n<p><a href=\"https:\/\/www.63penhouse.com\" target=\"_blank\"><strong>63penhouse<\/strong><\/a><br \/>\nwww.63penhouse.com<\/p>\n<p><strong><\/p>\n<h3>UK<\/h3>\n<p><\/strong><\/p>\n<p><a href=\"https:\/\/caltonberry.co.uk\/collections\/twines-and-string-2\/products\/paper-twine\" target=\"_blank\"><strong>Caltonberry<\/strong><\/a><br \/>\nwww.caltonberry.co.uk<\/p>\n<p><strong><\/p>\n<h3>USA<\/h3>\n<p><\/strong><\/p>\n<p><a href=\"https:\/\/maxandherb.com\/collections\/paper-raphia\" title=\"Max and Herb\" target=\"_blank\"><strong>Max and Herb<\/strong><\/a><br \/>\nwww.maxandherb.com<\/p>\n<p><a href=\"https:\/\/www.weaverhouseco.com\" title=\"Weaver House\" target=\"_blank\"><strong>Weaver House<\/strong><\/a><br \/>\nwww.weaverhouseco.com<\/p>\n<p><a href=\"http:\/\/www.baum-kuchen.net\/collections\/paper-twine-collection\" target=\"_blank\"><strong>Baum-Kuchen<\/strong><\/a><br \/>\nwww.baum-kuchen.net<br \/>\n2351 Lincoln Avenue<br \/>\nAltadena, CA 91001<br \/>\n<em>Please check website for opening hours!<\/em><\/p>\n<p><a href=\"http:\/\/www.hedgerowgeneral.com\" target=\"_blank\"><strong>Hedgerow General<\/strong><\/a><br \/>\nwww.hedgerowgeneral.com<br \/>\n15 1\/2 Eaton St<br \/>\nMorrisville, NY 13408<\/p>\n<p><a href=\"https:\/\/www.niconeco.com\" target=\"_blank\"><strong>niconeco zakkaya<\/strong><\/a><br \/>\nwww.niconeco.com<br \/>\n263 East, 10th Street<br \/>\nNew York, NY 10009<\/p>\n<p><a href=\"http:\/\/twohandspaperie.com\" title=\"Two Hands Paperie\" target=\"_blank\"><strong>Two Hands Paperie<\/strong><\/a><br \/>\nwww.twohandspaperie.com<br \/>\n803 Pearl Street<br \/>\nBoulder, CO 80302<\/p>\n","protected":false},"excerpt":{"rendered":"<p>Wholesale inquiries are welcome &#8211; contact us at office (at!) paperphine.com AUSTRALIA Flywheel www.flywheel.net.au 42 High Street &#8211; New Norfolk Tasmania 7140 AUSTRIA Eliv Rosenkranz Eliv Rosenkranz &#038;Friends www.andfriends.at Operngasse 36 1040 Vienna Miller B\u00fcro &#038; Schreibkultur www.schreibkultur.at Mariahilfer Stra\u00dfe 93 1060 Vienna Sinnwerkstatt www.sinn-werkstatt.com Kirchstra\u00dfe 2 6921 Kennelbach Papierwespe &#8211; Workshop for Paper Makers [&hellip;]<\/p>\n","protected":false},"author":2,"featured_media":0,"parent":0,"menu_order":0,"comment_status":"closed","ping_status":"open","template":"","meta":{"footnotes":""},"class_list":["post-15","page","type-page","status-publish","hentry"],"_links":{"self":[{"href":"https:\/\/www.paperphine.com\/index.php?rest_route=\/wp\/v2\/pages\/15","targetHints":{"allow":["GET"]}}],"collection":[{"href":"https:\/\/www.paperphine.com\/index.php?rest_route=\/wp\/v2\/pages"}],"about":[{"href":"https:\/\/www.paperphine.com\/index.php?rest_route=\/wp\/v2\/types\/page"}],"author":[{"embeddable":true,"href":"https:\/\/www.paperphine.com\/index.php?rest_route=\/wp\/v2\/users\/2"}],"replies":[{"embeddable":true,"href":"https:\/\/www.paperphine.com\/index.php?rest_route=%2Fwp%2Fv2%2Fcomments&post=15"}],"version-history":[{"count":215,"href":"https:\/\/www.paperphine.com\/index.php?rest_route=\/wp\/v2\/pages\/15\/revisions"}],"predecessor-version":[{"id":4745,"href":"https:\/\/www.paperphine.com\/index.php?rest_route=\/wp\/v2\/pages\/15\/revisions\/4745"}],"wp:attachment":[{"href":"https:\/\/www.paperphine.com\/index.php?rest_route=%2Fwp%2Fv2%2Fmedia&parent=15"}],"curies":[{"name":"wp","href":"https:\/\/api.w.org\/{rel}","templated":true}]}}