{"id":1893,"date":"2011-07-14T09:58:02","date_gmt":"2011-07-14T07:58:02","guid":{"rendered":"http:\/\/www.paperphine.com\/?page_id=1893"},"modified":"2014-04-01T11:37:23","modified_gmt":"2014-04-01T09:37:23","slug":"impressum","status":"publish","type":"page","link":"https:\/\/www.paperphine.com\/?page_id=1893","title":{"rendered":"IMPRESSUM"},"content":{"rendered":"<p><strong>Informationspflicht gem. E-Commerce-Gesetz:<\/strong><\/p>\n<p>F\u00fcr den Inhalt verantwortlich:<br \/>\nMMag. Linda Thalmann<br \/>\nBraunhirschengasse 47\/1-2<br \/>\n1150 Wien<br \/>\n\u00d6sterreich<\/p>\n<p>office (at!) paperphine.com<\/p>\n<p><a href=\"http:\/\/firmen.wko.at\/Web\/DetailsKontakt.aspx?FirmaID=bd3f5951-9b9f-414b-ab8c-51905438d85e&amp;StandortID=0&amp;Suchbegriff=Linda+Thalmann&amp;Page=1\"><img loading=\"lazy\" decoding=\"async\" src=\"http:\/\/www.paperphine.com\/wp-content\/uploads\/2011\/07\/Bildschirmfoto-2014-04-01-um-09.13.59.png\" alt=\"WKO\" width=\"182\" height=\"34\" class=\"aligncenter size-full wp-image-3615\" \/><\/a> <\/p>\n<p>Rechtshinweise:<br \/>\nMit dem Aufruf und\/oder der Nutzung der Informationen, Texte, Bildmaterial, Dienste, Linkverkn\u00fcpfungen, Funktionen, Anwendungen oder Programme (im folgenden zusammen &#8220;Inhalte&#8221;) dieser Webseite unterwirft sich der Benutzer den nachstehenden Bedingungen:<\/p>\n<p>Urheberrecht:<br \/>\nDie Inhalte dieser Webseite und ihrer Subseiten (im folgenden zusammen &#8220;PaperPhibe &#8211; Webseite&#8221;) sind urheberrechtlich gesch\u00fctzt. Das Herunterladen oder die Speicherung der auf der PaperPhine -Webseite enthaltenen Texte, Fotos, Tondateien, Schnittmuster oder Programme, sowie die (vollst\u00e4ndige oder teilweise) Reproduktion, \u00dcbermittlung, Modifikation oder Verkn\u00fcpfung der Inhalte der PaperPhine &#8211; Webseite ist nur mit ausdr\u00fccklicher und schriftlicher Zustimmung von PaperPhine gestattet.<\/p>\n<p>S\u00e4mtliche auf der PaperPhine -Website abgebildeten und als von PaperPhine gefertigte ausgewiesene Modelle sind geistiges Eigentum von PaperPhine. Die Anfertigung von Plagiaten wird urheberrechtlich geahndet. <\/p>\n<p>Erlaubt ist hingegen das Ausdrucken, Herunterladen oder Speichern einzelner Seiten oder Teilbereiche dieser Webseite, jedoch nur im Rahmen der Bestimmungen des \u00f6sterreichischen Urheberrechtsgesetzes und \u00fcberdies nur dann, wenn Copyright-Vermerke oder andere gesetzlich gesch\u00fctzte Bezeichnungen weder entfernt noch ver\u00e4ndert werden.<\/p>\n<p>Linkverkn\u00fcpfungen mit Webseiten bzw. URL&#8217;s anderer Betreiber:<br \/>\nMit Ausnahme der im \u00a717 des \u00f6sterreichischen E-Commerce-Gesetzes geregelten F\u00e4lle \u00fcbernimmt PaperPhine keinerlei Haftung f\u00fcr die Inhalte der mit der PaperPhine -Webseite verkn\u00fcpften Webseiten oder URL&#8217;s anderer Betreiber. Ebensowenig haftet PaperPhine f\u00fcr eine st\u00e4ndige Verf\u00fcgbarkeit oder volle Funktionalit\u00e4t von Linkverkn\u00fcpfungen zu Webseiten oder URL&#8217;s anderer Betreiber. <\/p>\n<p>Haftungsausschluss:<br \/>\nPaperPhine haftet in keinem Fall f\u00fcr Verluste oder Sch\u00e4den gleich welcher Art, die durch oder im Zusammenhang mit dem Zugriff auf die PaperPhine -Webseite, dem Aufruf, der Nutzung oder der Abfrage ihrer Inhalte oder mit den auf der PaperPhine -Webseite eingerichteten Verkn\u00fcpfungen mit Webseiten oder URL&#8217;s anderer Betreiber entstehen k\u00f6nnten. <\/p>\n<p>Speicherung von Registrierungsdaten:<br \/>\nMit Absendung eines ausgef\u00fcllten Online-Registrierungsformulars (z.B. f\u00fcr den Newsletter) best\u00e4tigt der Benutzer, dass die von ihm angegebenen Daten vollst\u00e4ndig und richtig sind. Weiters erkl\u00e4rt sich der Benutzer durch die Absendung des von ihm ausgef\u00fcllten Online-Formulars ausdr\u00fccklich damit einverstanden, dass seine Registrierungsdaten von PaperPhine automationsunterst\u00fctzt verarbeitet und f\u00fcr den vereinbarten Zweck ben\u00fctzt werden k\u00f6nnen. <\/p>\n<p>\u00c4nderungen der PaperPhine Webseite:<br \/>\nPaperPhine beh\u00e4lt sich vor, jederzeit die PaperPhine -Website zu \u00e4ndern, d.h. insbesondere bestehende Inhalte (ganz oder teilweise) zu \u00e4ndern oder zu entfernen oder neue Inhalte hinzuzuf\u00fcgen. <\/p>\n<p>F\u00fcr gewerbliche Kunden ist das Handelsgericht Wien zust\u00e4ndig.<\/p>\n","protected":false},"excerpt":{"rendered":"<p>Informationspflicht gem. E-Commerce-Gesetz: F\u00fcr den Inhalt verantwortlich: MMag. Linda Thalmann Braunhirschengasse 47\/1-2 1150 Wien \u00d6sterreich office (at!) paperphine.com Rechtshinweise: Mit dem Aufruf und\/oder der Nutzung der Informationen, Texte, Bildmaterial, Dienste, Linkverkn\u00fcpfungen, Funktionen, Anwendungen oder Programme (im folgenden zusammen &#8220;Inhalte&#8221;) dieser Webseite unterwirft sich der Benutzer den nachstehenden Bedingungen: Urheberrecht: Die Inhalte dieser Webseite und ihrer [&hellip;]<\/p>\n","protected":false},"author":1,"featured_media":0,"parent":0,"menu_order":0,"comment_status":"closed","ping_status":"open","template":"","meta":{"footnotes":""},"class_list":["post-1893","page","type-page","status-publish","hentry"],"_links":{"self":[{"href":"https:\/\/www.paperphine.com\/index.php?rest_route=\/wp\/v2\/pages\/1893","targetHints":{"allow":["GET"]}}],"collection":[{"href":"https:\/\/www.paperphine.com\/index.php?rest_route=\/wp\/v2\/pages"}],"about":[{"href":"https:\/\/www.paperphine.com\/index.php?rest_route=\/wp\/v2\/types\/page"}],"author":[{"embeddable":true,"href":"https:\/\/www.paperphine.com\/index.php?rest_route=\/wp\/v2\/users\/1"}],"replies":[{"embeddable":true,"href":"https:\/\/www.paperphine.com\/index.php?rest_route=%2Fwp%2Fv2%2Fcomments&post=1893"}],"version-history":[{"count":6,"href":"https:\/\/www.paperphine.com\/index.php?rest_route=\/wp\/v2\/pages\/1893\/revisions"}],"predecessor-version":[{"id":3617,"href":"https:\/\/www.paperphine.com\/index.php?rest_route=\/wp\/v2\/pages\/1893\/revisions\/3617"}],"wp:attachment":[{"href":"https:\/\/www.paperphine.com\/index.php?rest_route=%2Fwp%2Fv2%2Fmedia&parent=1893"}],"curies":[{"name":"wp","href":"https:\/\/api.w.org\/{rel}","templated":true}]}}